{"id":98,"date":"2015-11-03T19:49:02","date_gmt":"2015-11-03T17:49:02","guid":{"rendered":"http:\/\/zak-tuebingen.org\/?page_id=98"},"modified":"2015-11-03T19:52:37","modified_gmt":"2015-11-03T17:52:37","slug":"krise-und-grenzregime-griechenland-nach-neun-monaten-syriza-regierung","status":"publish","type":"page","link":"http:\/\/zak-tuebingen.org\/?page_id=98","title":{"rendered":"Neun Monate Syriza-Regierung, VA vom 28.10.2015"},"content":{"rendered":"<h1>Eigenbericht \u00fcber Griechenland-Veranstaltung am 28.10.2015<\/h1>\n<p>In der griechischen Gesellschaft gibt es eine \u201eriesige spontane Solidarit\u00e4t mit Fl\u00fcchtlingen\u201c, sagte der Sozialwissenschaftler Athanasios Marvakis aus Thessaloniki bei einer Diskussionsveranstaltung am 28. Oktober, dem griechischen Nationalfeiertag, vor etwa 50 Zuh\u00f6renden im T\u00fcbinger Schlatterhaus. Die Solidarit\u00e4tsbewegung fordert von der griechischen Regierung, die Landgrenze zur T\u00fcrkei zu \u00f6ffnen und den Fl\u00fcchtlingen eine sichere Weiterreise nach Nordeuropa zu erm\u00f6glichen.<\/p>\n<p>Bis zum Jahr 2011 sei es noch m\u00f6glich gewesen, \u00fcber die gr\u00fcne Grenze vom t\u00fcrkischen Edirne nach Thessaloniki zu gelangen. Doch dann wurde dort ein praktisch un\u00fcberwindlicher Hochsicherheitszaun gebaut, finanziert von der EU. Seither m\u00fcssen Fl\u00fcchtlinge den lebensgef\u00e4hrlichen See-Weg \u00fcber die \u00c4g\u00e4is nehmen. \u201eDie Fl\u00fcchtlinge werden nicht aufh\u00f6ren zu kommen. Aber der Blutzoll wird steigen\u201c, sagte Marvakis. Aktivist(inn)en aus Thessaloniki demonstrieren derzeit f\u00fcr eine \u00d6ffnung der Landgrenze. Ihr Motto: \u201eWir m\u00fcssen am Zaun r\u00fctteln.\u201c<\/p>\n<p>Dass die EU nun auf Lesbos und anderen Inseln so genannte Hotspots (Sammellager f\u00fcr bis zu 30.000 Fl\u00fcchtlinge) einrichten will, werde die griechische Gesellschaft \u201ezum Negativen ver\u00e4ndern\u201c, sagte Marvakis. Denn wer aus den Hotspots entkommt, der m\u00fcsse untertauchen und sei f\u00fcr die Weiterreise wieder auf Fluchthelfer angewiesen. \u201eAus der Solidarit\u00e4t wird dann Schleuserei.\u201c<\/p>\n<p>Argiris Balomatis, der Vorsitzende der Deutsch-Griechischen Gesellschaft in T\u00fcbingen, berichtete von jungen T\u00fcbinger(inne)n, die auf Lesbos Fl\u00fcchtlinge unterst\u00fctzen. Dass das UN-Fl\u00fcchtlingshilfswerk UNHCR dort fast \u00fcberhaupt nicht aktiv sei, sei ein Skandal. \u201eDie Situation auf Lesbos ist mittlerweile weltweit bekannt.\u201c<\/p>\n<p>Die Zuh\u00f6renden spendeten 350 Euro f\u00fcr eine ehrenamtliche Solidarit\u00e4ts-Klinik in Thessaloniki, in der Fl\u00fcchtlinge kostenlos behandelt werden \u2013 ebenso wie Griech(inn)en, die aufgrund der Krise und der Sparpolitik ihre Krankenversicherung verloren haben. Marvakis war auf Einladung der Gruppe ZAK\u00b3, von Attac, Medico International und der Rosa-Luxemburg-Stiftung ins Schlatterhaus gekommen.<\/p>\n","protected":false},"excerpt":{"rendered":"<p>Eigenbericht \u00fcber Griechenland-Veranstaltung am 28.10.2015 In der griechischen Gesellschaft gibt es eine \u201eriesige spontane Solidarit\u00e4t mit Fl\u00fcchtlingen\u201c, sagte der Sozialwissenschaftler Athanasios Marvakis aus Thessaloniki bei einer Diskussionsveranstaltung am 28. Oktober, dem griechischen Nationalfeiertag, vor etwa 50 Zuh\u00f6renden im T\u00fcbinger Schlatterhaus. Die Solidarit\u00e4tsbewegung fordert von der griechischen Regierung, die Landgrenze zur T\u00fcrkei zu \u00f6ffnen und den [&hellip;]<\/p>\n","protected":false},"author":1,"featured_media":0,"parent":94,"menu_order":0,"comment_status":"closed","ping_status":"closed","template":"","meta":{"footnotes":""},"class_list":["post-98","page","type-page","status-publish","hentry"],"_links":{"self":[{"href":"http:\/\/zak-tuebingen.org\/index.php?rest_route=\/wp\/v2\/pages\/98","targetHints":{"allow":["GET"]}}],"collection":[{"href":"http:\/\/zak-tuebingen.org\/index.php?rest_route=\/wp\/v2\/pages"}],"about":[{"href":"http:\/\/zak-tuebingen.org\/index.php?rest_route=\/wp\/v2\/types\/page"}],"author":[{"embeddable":true,"href":"http:\/\/zak-tuebingen.org\/index.php?rest_route=\/wp\/v2\/users\/1"}],"replies":[{"embeddable":true,"href":"http:\/\/zak-tuebingen.org\/index.php?rest_route=%2Fwp%2Fv2%2Fcomments&post=98"}],"version-history":[{"count":2,"href":"http:\/\/zak-tuebingen.org\/index.php?rest_route=\/wp\/v2\/pages\/98\/revisions"}],"predecessor-version":[{"id":101,"href":"http:\/\/zak-tuebingen.org\/index.php?rest_route=\/wp\/v2\/pages\/98\/revisions\/101"}],"up":[{"embeddable":true,"href":"http:\/\/zak-tuebingen.org\/index.php?rest_route=\/wp\/v2\/pages\/94"}],"wp:attachment":[{"href":"http:\/\/zak-tuebingen.org\/index.php?rest_route=%2Fwp%2Fv2%2Fmedia&parent=98"}],"curies":[{"name":"wp","href":"https:\/\/api.w.org\/{rel}","templated":true}]}}