{"id":8,"date":"2015-09-20T18:10:56","date_gmt":"2015-09-20T16:10:56","guid":{"rendered":"http:\/\/zak-tuebingen.org\/?page_id=8"},"modified":"2019-03-08T16:31:57","modified_gmt":"2019-03-08T14:31:57","slug":"ueber-uns","status":"publish","type":"page","link":"http:\/\/zak-tuebingen.org\/?page_id=8","title":{"rendered":"Kontakt &#8211; \u00fcber uns"},"content":{"rendered":"<p>Die T\u00fcbinger Gruppe ZAK\u00b3 (Gruppe gegen Kapitalismus, Krieg und Kohlendioxid) besteht seit 1978. Sie hat ihre Wurzeln in der internationalistischen Solidarit\u00e4tsarbeit. Als\u00a0 &#8222;Zentralamerikakomitee&#8220; unterst\u00fctzten wir die Befreiungsbewegungen in El Salvador und Nicaragua mit Aktionen und Informationsveranstaltungen hier im &#8222;Herzen der Bestie&#8220;. Dabei ging es uns mehr um die politische Arbeit im eigenen Land, als um die materielle Unterst\u00fctzung der &#8222;Dritten Welt&#8220;. Seit den 1990er Jahren besch\u00e4ftigen wir uns mit Themen wie Asyl, Rassismus, Antisemitismus, Arbeit, Sozialabbau, Militarisierung, EU-Osterweiterung und dem Nahost-Konflikt. Wir organisieren Diskussionsveranstaltungen, schreiben Texte und experimentieren mit kreativen Protestformen. Wir beteiligen uns an lokalen Aktionsb\u00fcndnissen und werfen manche alten Gewissheiten \u00fcber Bord. Seit 2008 fordern wir einen Nulltarif im T\u00fcbinger Stadtverkehr: &#8222;T\u00fcBus umsonst!&#8220;. Mobilit\u00e4t verstanden als Teil des Konzepts &#8222;Sozialpolitik als Bereitstellung einer sozialen Infrastruktur&#8220; von links-netz.<\/p>\n<p>Kontakt:<br \/>\nZAK\u00b3<br \/>\nEmail: <a href=\"mailto:zak@zak-tuebingen.org\">zak@zak-tuebingen.org<\/a><\/p>\n","protected":false},"excerpt":{"rendered":"<p>Die T\u00fcbinger Gruppe ZAK\u00b3 (Gruppe gegen Kapitalismus, Krieg und Kohlendioxid) besteht seit 1978. Sie hat ihre Wurzeln in der internationalistischen Solidarit\u00e4tsarbeit. Als\u00a0 &#8222;Zentralamerikakomitee&#8220; unterst\u00fctzten wir die Befreiungsbewegungen in El Salvador und Nicaragua mit Aktionen und Informationsveranstaltungen hier im &#8222;Herzen der Bestie&#8220;. Dabei ging es uns mehr um die politische Arbeit im eigenen Land, als um [&hellip;]<\/p>\n","protected":false},"author":1,"featured_media":0,"parent":0,"menu_order":5,"comment_status":"closed","ping_status":"closed","template":"","meta":{"footnotes":""},"class_list":["post-8","page","type-page","status-publish","hentry"],"_links":{"self":[{"href":"http:\/\/zak-tuebingen.org\/index.php?rest_route=\/wp\/v2\/pages\/8","targetHints":{"allow":["GET"]}}],"collection":[{"href":"http:\/\/zak-tuebingen.org\/index.php?rest_route=\/wp\/v2\/pages"}],"about":[{"href":"http:\/\/zak-tuebingen.org\/index.php?rest_route=\/wp\/v2\/types\/page"}],"author":[{"embeddable":true,"href":"http:\/\/zak-tuebingen.org\/index.php?rest_route=\/wp\/v2\/users\/1"}],"replies":[{"embeddable":true,"href":"http:\/\/zak-tuebingen.org\/index.php?rest_route=%2Fwp%2Fv2%2Fcomments&post=8"}],"version-history":[{"count":4,"href":"http:\/\/zak-tuebingen.org\/index.php?rest_route=\/wp\/v2\/pages\/8\/revisions"}],"predecessor-version":[{"id":384,"href":"http:\/\/zak-tuebingen.org\/index.php?rest_route=\/wp\/v2\/pages\/8\/revisions\/384"}],"wp:attachment":[{"href":"http:\/\/zak-tuebingen.org\/index.php?rest_route=%2Fwp%2Fv2%2Fmedia&parent=8"}],"curies":[{"name":"wp","href":"https:\/\/api.w.org\/{rel}","templated":true}]}}