{"id":198,"date":"2016-03-18T00:37:12","date_gmt":"2016-03-17T22:37:12","guid":{"rendered":"http:\/\/zak-tuebingen.org\/?page_id=198"},"modified":"2016-03-18T00:37:12","modified_gmt":"2016-03-17T22:37:12","slug":"hilfe-wer-kann-wohnraum-fuer-fluechtlinge-aus-der-kreissporthalle-bieten","status":"publish","type":"page","link":"http:\/\/zak-tuebingen.org\/?page_id=198","title":{"rendered":"Hilfe! Wer kann Wohnraum f\u00fcr Fl\u00fcchtlinge aus der Kreissporthalle bieten?"},"content":{"rendered":"<p><span style=\"font-family: Calibri;\">Die Unterbringungsbedingungen f\u00fcr die Fl\u00fcchtlinge in der Kreissporthalle sind unzumutbar. Wir suchen Privatpersonen, die ein Zimmer oder eine Wohnung f\u00fcr eine zeitweilige Unterbringung von besonders bed\u00fcrftigen Personen anbieten k\u00f6nnen. <\/span><br class=\"\" \/> <span style=\"font-family: Calibri;\"><span style=\"font-family: Calibri;\">Das Landratsamt \u00fcbernimmt keine Kosten f\u00fcr die Unterbringung, l\u00e4sst aber das Wohnen ausserhalb der Halle zu.<br class=\"\" \/> <\/span><b class=\"\">Bitte melden beim AK Kreissporthalle, Infocafe. Kontakt: <a class=\"ecxmoz-txt-link-abbreviated\" href=\"mailto:infocafe-ksh@mtmedia.org\">infocafe-ksh@mtmedia.org<\/a><\/b><br class=\"\" \/> <br class=\"\" \/> Seit \u00fcber einem halben Jahr betreibt der Landkreis eine Fl\u00fcchtlingsunterkunft in der T\u00fcbinger Kreissporthalle. Zun\u00e4chst war die Halle nur f\u00fcr kurze Zeit als Notl\u00f6sung gedacht, dann wurden dort die Balkanfl\u00fcchtlinge zusammengezogen und mittlerweile sind dort auch viele Fl\u00fcchtlinge aus anderen L\u00e4ndern untergebracht, u.a. Familien mit vielen Kindern aus Syrien und Afghanistan. Die meisten sind bereits seit \u00fcber 4 Monaten in dieser Halle. <br class=\"\" \/> <br class=\"\" \/> Die Kreissporthalle bietet keine w\u00fcrdige Unterbringung. Die Fl\u00fcchtlinge sind dort von r\u00e4umlicher Enge, mangelnder Privatsph\u00e4re, L\u00e4rm und Gestank, schlechten hygenischen Bedingungen, Massenverpflegung sowie permanenter Aufsicht durch Security-Personal betroffen. Insbesondere f\u00fcr \u201ebesonders Schutzbed\u00fcrftige\u201c Fl\u00fcchtlinge ist eine dauerhafte Unterbringung in dieser Halle ungeeignet. Zu den \u201ebesonders Schutzbed\u00fcrftigen\u201c geh\u00f6ren insbesondere Personen mit schweren k\u00f6rperlichen oder psychischen Krankheiten (insb. Traumatisierungen), Schwangere, alleinreisende Frauen, minderj\u00e4hrige Kinder, Personen mit Handicaps. <br class=\"\" \/> <br class=\"\" \/> F\u00fcr solche Personen suchen wir alternative Unterbringungsm\u00f6glichkeiten bei Privatpersonen. Das Landratsamt hat im Fall einer hochschwangeren Frau zwar abgelehnt, die Familie in eine andere geeignetere Unterkunft umzuverteilen, hat aber zugelassen, dass die Frau und ihr Mann bei Privatpersonen vor\u00fcbergehend wohnen k\u00f6nnen. In \u00e4hnlicher Weise suchen wir eine L\u00f6sung f\u00fcr andere Personen, die dringend aus der Halle raus m\u00fcssen.<br class=\"\" \/> <br class=\"\" \/> <\/span><span style=\"font-family: Calibri;\"><span style=\"font-family: Calibri;\">Dar\u00fcberhinaus suchen wir auch regul\u00e4ren Wohnraum f\u00fcr Fl\u00fcchtlinge, die ihre Fl\u00fcchtlingsanerkennung erhalten haben und die Halle verlassen d\u00fcrfen bzw. m\u00fcssen. In den meisten F\u00e4llen dauert das Asylverfahren viele Monate, doch wenn z.B. syrische Fl\u00fcchtlinge ihre Fl\u00fcchtlingsanerkennung erhalten, wird ihnen mitgeteilt, dass sie die Unterkunft nach sp\u00e4testens sechs Wochen verlassen m\u00fcssen und so lange Zeit haben, sich selbst eine Wohnung zu suchen. Falls dies nicht klappt, werden sie einer kommunalen Anschlussunterkunft irgendwo im Kreis T\u00fcbingen zugeteilt. Wer immer privaten Wohnraum zur Verf\u00fcgung anbieten und an die Fl\u00fcchtlinge vermieten kann, ist hierf\u00fcr herzlich willkommen. Die Kommunen \u00fcbernehmen im Rahmen des SGB II allerdings nur Kaltmieten bis zu einer festgelegten Obergrenze.<br class=\"\" \/> <br class=\"\" \/> <br class=\"\" \/> <\/span>Vielen Dank<br class=\"\" \/> Infocafe im AK Kreissporthalle<br class=\"\" \/> <br class=\"\" \/> <\/span><br class=\"\" \/> <span style=\"color: #000066;\"><b class=\"\"><small class=\"\">AK Kreissporthalle T\u00fcbingen \/ Infocafe f\u00fcr Fl\u00fcchtlinge im Sudhaus &#8211; jeden Samstag 16 &#8211; 18 Uhr<br class=\"\" \/> Kontakt: <a class=\"ecxmoz-txt-link-abbreviated\" href=\"mailto:infocafe-ksh@mtmedia.org\">infocafe-ksh@mtmedia.org<\/a><\/small><\/b><\/span><\/p>\n","protected":false},"excerpt":{"rendered":"<p>Die Unterbringungsbedingungen f\u00fcr die Fl\u00fcchtlinge in der Kreissporthalle sind unzumutbar. Wir suchen Privatpersonen, die ein Zimmer oder eine Wohnung f\u00fcr eine zeitweilige Unterbringung von besonders bed\u00fcrftigen Personen anbieten k\u00f6nnen. Das Landratsamt \u00fcbernimmt keine Kosten f\u00fcr die Unterbringung, l\u00e4sst aber das Wohnen ausserhalb der Halle zu. Bitte melden beim AK Kreissporthalle, Infocafe. Kontakt: infocafe-ksh@mtmedia.org Seit \u00fcber [&hellip;]<\/p>\n","protected":false},"author":1,"featured_media":0,"parent":94,"menu_order":0,"comment_status":"closed","ping_status":"closed","template":"","meta":{"footnotes":""},"class_list":["post-198","page","type-page","status-publish","hentry"],"_links":{"self":[{"href":"http:\/\/zak-tuebingen.org\/index.php?rest_route=\/wp\/v2\/pages\/198","targetHints":{"allow":["GET"]}}],"collection":[{"href":"http:\/\/zak-tuebingen.org\/index.php?rest_route=\/wp\/v2\/pages"}],"about":[{"href":"http:\/\/zak-tuebingen.org\/index.php?rest_route=\/wp\/v2\/types\/page"}],"author":[{"embeddable":true,"href":"http:\/\/zak-tuebingen.org\/index.php?rest_route=\/wp\/v2\/users\/1"}],"replies":[{"embeddable":true,"href":"http:\/\/zak-tuebingen.org\/index.php?rest_route=%2Fwp%2Fv2%2Fcomments&post=198"}],"version-history":[{"count":1,"href":"http:\/\/zak-tuebingen.org\/index.php?rest_route=\/wp\/v2\/pages\/198\/revisions"}],"predecessor-version":[{"id":199,"href":"http:\/\/zak-tuebingen.org\/index.php?rest_route=\/wp\/v2\/pages\/198\/revisions\/199"}],"up":[{"embeddable":true,"href":"http:\/\/zak-tuebingen.org\/index.php?rest_route=\/wp\/v2\/pages\/94"}],"wp:attachment":[{"href":"http:\/\/zak-tuebingen.org\/index.php?rest_route=%2Fwp%2Fv2%2Fmedia&parent=198"}],"curies":[{"name":"wp","href":"https:\/\/api.w.org\/{rel}","templated":true}]}}