{"id":147,"date":"2015-12-15T01:38:28","date_gmt":"2015-12-14T23:38:28","guid":{"rendered":"http:\/\/zak-tuebingen.org\/?page_id=147"},"modified":"2015-12-15T01:38:28","modified_gmt":"2015-12-14T23:38:28","slug":"gefluechtete-aus-syrien-berichten-erfahrungen-und-hoffnungen","status":"publish","type":"page","link":"http:\/\/zak-tuebingen.org\/?page_id=147","title":{"rendered":"Gefl\u00fcchtete aus Syrien berichten: Erfahrungen und Hoffnungen"},"content":{"rendered":"<div class=\"ecxwysija_text_container\">\n<p>Gefl\u00fcchtete aus Syrien berichten: Erfahrungen und Hoffnungen Sonntag 20.12.2015, 18 Uhr Sudhaus, Peripherie, Hechingerstra\u00dfe 203, T\u00fcbingen<\/p>\n<p>Das Zusammenleben von Fl\u00fcchtlingen und Deutschen kann gelingen, wenn wir einander kennen- und verstehen lernen. Dazu wollen wir mit dieser Veranstaltung einen kleinen Beitrag leisten. Drei Syrer, die in letzter Zeit als Fl\u00fcchtlinge nach Deutschland gekommen sind, werden \u00fcber ihre Erfahrungen in Syrien vor und im Krieg berichten, \u00fcber die Umst\u00e4nde ihrer Flucht erz\u00e4hlen und auch \u00fcber ihren Anfang in Deutschland. Ihre Erwartungen an ihr Leben in Deutschland, ihre Hoffnungen und \u00c4ngste werden ebenso Thema sein, wie die wahrgenommenen Unterschiede und Gemeinsamkeiten im Lebensalltag.<\/p>\n<p>Moderator: Osama Al-Khalil<br \/>\nOrganisiert durch eine Gruppe syrischer Fl\u00fcchtlinge in T\u00fcbingen, unterst\u00fctzt durch ZAK\u00b3<\/p>\n<p style=\"text-align: left;\">Arabisch:<\/p>\n<p class=\"ecxalign-right\" style=\"text-align: right;\">\u062a\u0642\u0631\u064a\u0631 \u0639\u0646 \u0627\u0644\u0644\u0627\u062c\u0626\u064a\u0646 \u0627\u0644\u0633\u0648\u0631\u064a\u064a\u0646 \u0627\u0644\u0630\u064a\u0646 \u0646\u0632\u062d\u0648\u0627 \u0645\u0646 \u0648\u0637\u0646\u0647\u0645 \u0627\u0644\u0623\u0645 \u0633\u0648\u0631\u064a\u0627 : \u062a\u062c\u0627\u0631\u0628 \u0648 \u062e\u0628\u0631\u0627\u062a \u0648 \u062a\u0637\u0644\u0639\u0627\u062a \u0646\u062d\u0648 \u0627\u0644\u0645\u0633\u062a\u0642\u0628\u0644 \u0627\u0644\u062a\u0639\u0627\u064a\u0634 \u0628\u064a\u0646 \u0627\u0644\u0644\u0627\u062c\u0626\u064a\u0646<br \/>\n\u0627\u0644\u0633\u0648\u0631\u064a\u064a\u0646 \u0648 \u0627\u0644\u0634\u0639\u0628 \u0627\u0644\u0623\u0644\u0645\u0627\u0646\u064a \u0633\u064a\u0643\u0648\u0646 \u0646\u0627\u062c\u062d\u0627 \u0641\u064a \u062d\u0627\u0644 \u062a\u0645 \u0627\u0644\u0627\u0646\u062f\u0645\u0627\u062c \u0628\u064a\u0646 \u0627\u0644\u062b\u0642\u0627\u0641\u062a\u064a\u0646 , \u0648 \u0647\u0630\u0627 \u0648\u0627\u0631\u062f \u0627\u0644\u062d\u062f\u0648\u062b \u0641\u064a \u062d\u0627\u0644 \u062a\u0645\u0643\u0646\u0627 \u0645\u0646 \u0645\u0639\u0631\u0641\u0629 \u0628\u0639\u0636\u0646\u0627<br \/>\n\u0627\u0644\u0628\u0639\u0636 \u0648 \u0641\u064a \u062d\u0627\u0644 \u062a\u0639\u0644\u0645\u0646\u0627 \u0643\u064a\u0641 \u064a\u0645\u0643\u0646 \u0627\u0646 \u0646\u062f\u0631\u0643 \u0648 \u0646\u0641\u0647\u0645 \u0627\u0644\u0637\u0631\u0641 \u0627\u0644\u0627\u062e\u0631. \u0648 \u0644\u0623\u062c\u0644 \u0627\u0644\u0648\u0635\u0648\u0644 \u0627\u0644\u0649 \u0647\u0630\u0647 \u0627\u0644\u063a\u0627\u064a\u0629 \u0646\u0648\u062f \u0627\u0646 \u0646\u0642\u0648\u0645 \u0628\u0645\u0633\u0627\u0647\u0645\u0629 \u0628\u0633\u064a\u0637\u0629. \u062b\u0644\u0627\u062b<br \/>\n\u0627\u0634\u062e\u0627\u0635 \u0645\u0646 \u0633\u0648\u0631\u064a\u0627 \u0646\u0632\u062d\u0648\u0627 \u0645\u0646\u0630 \u0645\u062f\u0629 \u0642\u0635\u064a\u0631\u0629 \u0627\u0644\u0649 \u0627\u0644\u0645\u0627\u0646\u064a\u0627, \u0633\u064a\u0642\u062f\u0645\u0648\u0646 \u062a\u0642\u0631\u064a\u0631\u0627 \u0645\u0641\u0635\u0644\u0627 \u0639\u0646 \u062a\u062c\u0627\u0631\u0628\u0647\u0645 \u0641\u064a \u0633\u0648\u0631\u064a\u0627 \u0642\u0628\u0644 \u0648 \u0627\u062b\u0646\u0627\u0621 \u0627\u0644\u062d\u0631\u0628, \u0648 \u0633\u064a\u0642\u0635\u0648\u0646<br \/>\n\u0639\u0644\u064a\u0646\u0627 \u062a\u0641\u0627\u0635\u064a\u0644 \u0648 \u0638\u0631\u0648\u0641 \u0646\u0632\u0648\u062d\u0647\u0645 \u0648 \u0644\u062c\u0648\u0626\u0647\u0645, \u0643\u0645\u0627 \u0633\u064a\u062d\u062f\u062b\u0648\u0646\u0646\u0627 \u0639\u0646 \u0628\u062f\u0627\u064a\u062a\u0647\u0645 \u0641\u064a \u0627\u0644\u0645\u0627\u0646\u064a\u0627 \u0648 \u0639\u0646 \u062a\u0648\u0642\u0639\u0627\u062a\u0647\u0645 \u0648 \u062a\u0637\u0644\u0639\u0627\u062a\u0647\u0645 \u0639\u0646 \u0627\u0644\u062d\u064a\u0627\u0629 \u0641\u064a \u0627\u0644\u0645\u0627\u0646\u064a\u0627. \u0627\u0645\u0627\u0644\u0647\u0645<br \/>\n\u0648 \u0645\u062e\u0627\u0648\u0641\u0647\u0645 \u0633\u062a\u0643\u0648\u0646 \u0627\u064a\u0636\u0627 \u062c\u0632\u0626\u0627 \u0645\u0646 \u0647\u0630\u0647 \u0627\u0644\u0645\u062d\u0627\u0636\u0631\u0629. \u0643\u0645\u0627 \u0648 \u0633\u0648\u0641 \u064a\u062d\u062f\u062b\u0648\u0646\u0646\u0627 \u0639\u0646 \u0627\u0648\u062c\u0647 \u0627\u0644\u062a\u0634\u0627\u0628\u0647 \u0648 \u0627\u0644\u0627\u062e\u062a\u0644\u0627\u0641 \u0627\u0644\u0645\u062a\u0639\u0644\u0642\u0629 \u0628\u0627\u0644\u062d\u064a\u0627\u0629 \u0627\u0644\u064a\u0648\u0645\u064a\u0629. \u0645\u0642\u062f\u0645<br \/>\n\u0627\u0644\u0628\u0631\u0646\u0627\u0645\u062c : \u0627\u0633\u0627\u0645\u0629 \u0627\u0644\u062e\u0644\u064a\u0644 \u0645\u0646\u0638\u0645 \u0627\u0644\u062d\u0641\u0644 : \u0628\u0639\u0636 \u0645\u0646 \u0627\u0644\u0633\u0648\u0631\u064a\u064a\u0646 \u0627\u0644\u0645\u0642\u064a\u0645\u064a\u0646 \u0641\u064a \u062a\u0648\u0628\u0646\u063a\u0646<\/p>\n<p>Englisch:<\/p>\n<p>Syrian refugees report: their experiences and hopes for the future<br \/>\nTime: Sunday 20th of December, at 18.00 pm<br \/>\nPlace: Peripherie, Hechingerstra\u00dfe 203, Tuebingen<\/p>\n<p>The coexistence between refugees and German people can succeed if the integration between these two cultures is available, and that can only occur through knowing each other and learning how they can understand each other. in order to achieve this goal we want to make a little contribution. Three Syrians who recently fled to Germany will present a report about their experiences in Syria before and during the war, and they will inform us about the details and circumstances of their escape. Moreover, they are going to report about their start in Germany and their expectations of their life in Germany. Their hopes and fears will be also a part of this interview.<\/p>\n<p>Moderator: Osama Al-Khalil<br \/>\nOrganized by a group of Syrian refugees in T\u00fcbingen, supported by the German group ZAK\u00b3<\/p>\n<\/div>\n","protected":false},"excerpt":{"rendered":"<p>Gefl\u00fcchtete aus Syrien berichten: Erfahrungen und Hoffnungen Sonntag 20.12.2015, 18 Uhr Sudhaus, Peripherie, Hechingerstra\u00dfe 203, T\u00fcbingen Das Zusammenleben von Fl\u00fcchtlingen und Deutschen kann gelingen, wenn wir einander kennen- und verstehen lernen. Dazu wollen wir mit dieser Veranstaltung einen kleinen Beitrag leisten. Drei Syrer, die in letzter Zeit als Fl\u00fcchtlinge nach Deutschland gekommen sind, werden \u00fcber [&hellip;]<\/p>\n","protected":false},"author":1,"featured_media":0,"parent":94,"menu_order":0,"comment_status":"closed","ping_status":"closed","template":"","meta":{"footnotes":""},"class_list":["post-147","page","type-page","status-publish","hentry"],"_links":{"self":[{"href":"http:\/\/zak-tuebingen.org\/index.php?rest_route=\/wp\/v2\/pages\/147","targetHints":{"allow":["GET"]}}],"collection":[{"href":"http:\/\/zak-tuebingen.org\/index.php?rest_route=\/wp\/v2\/pages"}],"about":[{"href":"http:\/\/zak-tuebingen.org\/index.php?rest_route=\/wp\/v2\/types\/page"}],"author":[{"embeddable":true,"href":"http:\/\/zak-tuebingen.org\/index.php?rest_route=\/wp\/v2\/users\/1"}],"replies":[{"embeddable":true,"href":"http:\/\/zak-tuebingen.org\/index.php?rest_route=%2Fwp%2Fv2%2Fcomments&post=147"}],"version-history":[{"count":1,"href":"http:\/\/zak-tuebingen.org\/index.php?rest_route=\/wp\/v2\/pages\/147\/revisions"}],"predecessor-version":[{"id":148,"href":"http:\/\/zak-tuebingen.org\/index.php?rest_route=\/wp\/v2\/pages\/147\/revisions\/148"}],"up":[{"embeddable":true,"href":"http:\/\/zak-tuebingen.org\/index.php?rest_route=\/wp\/v2\/pages\/94"}],"wp:attachment":[{"href":"http:\/\/zak-tuebingen.org\/index.php?rest_route=%2Fwp%2Fv2%2Fmedia&parent=147"}],"curies":[{"name":"wp","href":"https:\/\/api.w.org\/{rel}","templated":true}]}}