{"id":10,"date":"2015-09-20T18:18:45","date_gmt":"2015-09-20T16:18:45","guid":{"rendered":"http:\/\/zak-tuebingen.org\/?page_id=10"},"modified":"2025-04-30T21:42:35","modified_gmt":"2025-04-30T19:42:35","slug":"tue-bus-umsonst","status":"publish","type":"page","link":"http:\/\/zak-tuebingen.org\/?page_id=10","title":{"rendered":"T\u00dc-Bus umsonst"},"content":{"rendered":"<h1>Nulltarif im Stadtverkehr! T\u00fcBus umsonst!<\/h1>\n<p>Seit 2009 fordern wie einen Nulltarif im T\u00fcbinger Stadtverkehr (\u201eT\u00fcBus umsonst\u201c). Denn<br \/>\nMobilit\u00e4t wird f\u00fcr immer mehr Menschen unerschwinglich. Um am gesellschaftlichen<br \/>\nLeben teilzunehmen, muss mensch mobil sein k\u00f6nnen: Mobilit\u00e4t ist ein Grundrecht.<br \/>\nGleichzeitig st\u00f6\u00dft die Autogesellschaft an ihre Grenzen. Die St\u00e4dte ersticken im<br \/>\nmotorisierten Verkehr, der Klimawandel bedroht die Existenzgrundlagen der gesamten<br \/>\nMenschheit. Wir brauchen neue, sozial- und klimavertr\u00e4gliche Konzepte der Mobilit\u00e4t.<\/p>\n<h1><\/h1>\n<h2 class=\"small-headline\">No Fun Facts mit Nico Semsrott<\/h2>\n<h2 class=\"item-title teaser-title\"><span class=\"teaser-cat\"> <span class=\"teaser-cat-category\">Comedy<\/span> <span class=\"teaser-cat-separator\">|<\/span> <span class=\"teaser-cat-brand\">heute-show<\/span> <\/span> <span class=\"visuallyhidden\"> &#8211; <\/span> Arschkarte statt Fahrkarte!<\/h2>\n<p class=\"item-description\">In Melbourne und Tallinn gibt es kostenlosen Nahverkehr \u2013 warum nicht auch bei uns?<\/p>\n<p class=\"item-description\">Beitragsl\u00e4nge: 4 min, Datum:<time datetime=\"2018-07-27T18:00:00.000+02:00\">27.07.2018<\/time><\/p>\n<p><a href=\"https:\/\/www.zdf.de\/comedy\/heute-show\/videos\/semsrott-nahverkehr-100.html\">https:\/\/www.zdf.de\/comedy\/heute-show\/videos\/semsrott-nahverkehr-100.html<\/a><\/p>\n<p><iframe loading=\"lazy\" title=\"Kann kostenloser Nahverkehr funktionieren? No Fun Facts mit Nico Semsrott | heute-show\" width=\"625\" height=\"352\" src=\"https:\/\/www.youtube.com\/embed\/DXnhArb0f1w?feature=oembed\" frameborder=\"0\" allow=\"accelerometer; autoplay; clipboard-write; encrypted-media; gyroscope; picture-in-picture; web-share\" referrerpolicy=\"strict-origin-when-cross-origin\" allowfullscreen><\/iframe><\/p>\n<p><strong>11 Antworten: <\/strong>Unsere Erwiderungen auf die meistgeh\u00f6rten Einw\u00e4nde gegen einen ticketfreien Nahverkehr findet ihr <a href=\"http:\/\/zak-tuebingen.org\/?page_id=18\">hier<\/a>.<strong><br \/>\n<\/strong><\/p>\n<p><strong>Jetzt bestellen: Brosch\u00fcre &#8222;T\u00fcBus umsonst&#8220;<\/strong><br \/>\nDie Brosch\u00fcre ist leider vergriffen und in Papierform nicht mehr zu haben. Ihr k\u00f6nnt sie euch aber hier herunterladen <a href=\"http:\/\/zak-tuebingen.org\/wp-content\/uploads\/2015\/09\/TueBus_Umsonst.pdf\">(TueBus_Umsonst.pdf, 6 MB)<\/a>.<\/p>\n<p>Der Beitrag des ZAK\u00b3 im Rahmen der Tagung &#8222;Was braucht der Mensch? Soziale Infrastruktur jetzt!&#8220;, Berlin 2\/2015:<\/p>\n<p><iframe loading=\"lazy\" title=\"Grundrecht Mobilit\u00e4t | Vortrag von Siegfried Gack\" width=\"625\" height=\"352\" src=\"https:\/\/www.youtube.com\/embed\/mjbBOny7Wek?feature=oembed\" frameborder=\"0\" allow=\"accelerometer; autoplay; clipboard-write; encrypted-media; gyroscope; picture-in-picture; web-share\" referrerpolicy=\"strict-origin-when-cross-origin\" allowfullscreen><\/iframe><\/p>\n","protected":false},"excerpt":{"rendered":"<p>Nulltarif im Stadtverkehr! T\u00fcBus umsonst! Seit 2009 fordern wie einen Nulltarif im T\u00fcbinger Stadtverkehr (\u201eT\u00fcBus umsonst\u201c). Denn Mobilit\u00e4t wird f\u00fcr immer mehr Menschen unerschwinglich. Um am gesellschaftlichen Leben teilzunehmen, muss mensch mobil sein k\u00f6nnen: Mobilit\u00e4t ist ein Grundrecht. Gleichzeitig st\u00f6\u00dft die Autogesellschaft an ihre Grenzen. Die St\u00e4dte ersticken im motorisierten Verkehr, der Klimawandel bedroht die [&hellip;]<\/p>\n","protected":false},"author":1,"featured_media":0,"parent":0,"menu_order":0,"comment_status":"closed","ping_status":"closed","template":"","meta":{"footnotes":""},"class_list":["post-10","page","type-page","status-publish","hentry"],"_links":{"self":[{"href":"http:\/\/zak-tuebingen.org\/index.php?rest_route=\/wp\/v2\/pages\/10","targetHints":{"allow":["GET"]}}],"collection":[{"href":"http:\/\/zak-tuebingen.org\/index.php?rest_route=\/wp\/v2\/pages"}],"about":[{"href":"http:\/\/zak-tuebingen.org\/index.php?rest_route=\/wp\/v2\/types\/page"}],"author":[{"embeddable":true,"href":"http:\/\/zak-tuebingen.org\/index.php?rest_route=\/wp\/v2\/users\/1"}],"replies":[{"embeddable":true,"href":"http:\/\/zak-tuebingen.org\/index.php?rest_route=%2Fwp%2Fv2%2Fcomments&post=10"}],"version-history":[{"count":21,"href":"http:\/\/zak-tuebingen.org\/index.php?rest_route=\/wp\/v2\/pages\/10\/revisions"}],"predecessor-version":[{"id":561,"href":"http:\/\/zak-tuebingen.org\/index.php?rest_route=\/wp\/v2\/pages\/10\/revisions\/561"}],"wp:attachment":[{"href":"http:\/\/zak-tuebingen.org\/index.php?rest_route=%2Fwp%2Fv2%2Fmedia&parent=10"}],"curies":[{"name":"wp","href":"https:\/\/api.w.org\/{rel}","templated":true}]}}